{"id":565,"date":"2025-01-20T08:34:41","date_gmt":"2025-01-20T08:34:41","guid":{"rendered":"http:\/\/fotostudiograf.pl\/?page_id=565"},"modified":"2025-01-21T08:44:22","modified_gmt":"2025-01-21T08:44:22","slug":"fotolab-pro","status":"publish","type":"page","link":"https:\/\/fotostudiograf.pl\/index.php\/fotolab-pro\/","title":{"rendered":"FotoLab Pro"},"content":{"rendered":"\t\t<div data-elementor-type=\"wp-page\" data-elementor-id=\"565\" class=\"elementor elementor-565\">\n\t\t\t\t\t\t\t\t\t<section class=\"elementor-section elementor-top-section elementor-element elementor-element-49e326b elementor-section-boxed elementor-section-height-default elementor-section-height-default\" data-id=\"49e326b\" data-element_type=\"section\">\n\t\t\t\t\t\t<div class=\"elementor-container elementor-column-gap-default\">\n\t\t\t\t\t<div class=\"elementor-column elementor-col-100 elementor-top-column elementor-element elementor-element-9fa2825\" data-id=\"9fa2825\" data-element_type=\"column\">\n\t\t\t<div class=\"elementor-widget-wrap elementor-element-populated\">\n\t\t\t\t\t\t\t\t<div class=\"elementor-element elementor-element-062a7b0 elementor-widget elementor-widget-text-editor\" data-id=\"062a7b0\" data-element_type=\"widget\" data-widget_type=\"text-editor.default\">\n\t\t\t\t<div class=\"elementor-widget-container\">\n\t\t\t<style>\/*! elementor - v3.15.0 - 20-08-2023 *\/\n.elementor-widget-text-editor.elementor-drop-cap-view-stacked .elementor-drop-cap{background-color:#69727d;color:#fff}.elementor-widget-text-editor.elementor-drop-cap-view-framed .elementor-drop-cap{color:#69727d;border:3px solid;background-color:transparent}.elementor-widget-text-editor:not(.elementor-drop-cap-view-default) .elementor-drop-cap{margin-top:8px}.elementor-widget-text-editor:not(.elementor-drop-cap-view-default) .elementor-drop-cap-letter{width:1em;height:1em}.elementor-widget-text-editor .elementor-drop-cap{float:left;text-align:center;line-height:1;font-size:50px}.elementor-widget-text-editor .elementor-drop-cap-letter{display:inline-block}<\/style>\t\t\t\t<p style=\"text-align: justify;\"><span style=\"font-family: arial, helvetica, sans-serif; font-size: 18px;\">Praca naszego\u00a0Labu oparta\u00a0 jest o nowoczesny system cyfrowy Noritsu QSS-3207HD. Wspania\u0142e parametry techniczne Labu daj\u0105 nam ogromne mo\u017cliwo\u015bci przy realizacji zlece\u0144 dla profesjonalnych Firm i Podmiot\u00f3w o profilu fotograficznym. Wysoka wydajno\u015b\u0107 urz\u0105dzenia pozwala nam osi\u0105gn\u0105\u0107 wydajno\u015b\u0107 do 1280 odbitek na godzin\u0119. Nowoczesny laser pozwala na\u015bwietla\u0107 prace z rozdzielczo\u015bci\u0105 300 dpi. Jednym z g\u0142\u00f3wnych atut\u00f3w Labu jest bogaty wyb\u00f3r format\u00f3w \u2013 w tym formaty panoramiczne. Maksymalny format odbitki cyfrowej w formacie panorama to 30.5\u00d791.4 cm. System pozwala na na\u015bwietlanie odbitek o standardowych wymiarach albumowych jak i format\u00f3w dostosowanych oraz indywidualnych. Dodatkowym atutem Labu jest mo\u017cliwo\u015b\u0107 uzyskania automatycznych i idealnie prostych bia\u0142ych ramek.<\/span><\/p>\t\t\t\t\t\t<\/div>\n\t\t\t\t<\/div>\n\t\t\t\t\t<\/div>\n\t\t<\/div>\n\t\t\t\t\t\t\t<\/div>\n\t\t<\/section>\n\t\t\t\t\t\t\t<\/div>\n\t\t","protected":false},"excerpt":{"rendered":"<p>Praca naszego\u00a0Labu oparta\u00a0 jest o nowoczesny system cyfrowy Noritsu QSS-3207HD. Wspania\u0142e parametry techniczne Labu daj\u0105 nam ogromne mo\u017cliwo\u015bci przy realizacji zlece\u0144 dla profesjonalnych Firm i Podmiot\u00f3w o profilu fotograficznym. Wysoka wydajno\u015b\u0107 urz\u0105dzenia pozwala nam osi\u0105gn\u0105\u0107 wydajno\u015b\u0107 do 1280 odbitek na godzin\u0119. Nowoczesny laser pozwala na\u015bwietla\u0107 prace z rozdzielczo\u015bci\u0105 300 dpi. Jednym z g\u0142\u00f3wnych atut\u00f3w Labu jest bogaty wyb\u00f3r format\u00f3w \u2013 w tym [&hellip;]<\/p>\n","protected":false},"author":1,"featured_media":0,"parent":0,"menu_order":0,"comment_status":"closed","ping_status":"closed","template":"","meta":{"ngg_post_thumbnail":0},"_links":{"self":[{"href":"https:\/\/fotostudiograf.pl\/index.php\/wp-json\/wp\/v2\/pages\/565"}],"collection":[{"href":"https:\/\/fotostudiograf.pl\/index.php\/wp-json\/wp\/v2\/pages"}],"about":[{"href":"https:\/\/fotostudiograf.pl\/index.php\/wp-json\/wp\/v2\/types\/page"}],"author":[{"embeddable":true,"href":"https:\/\/fotostudiograf.pl\/index.php\/wp-json\/wp\/v2\/users\/1"}],"replies":[{"embeddable":true,"href":"https:\/\/fotostudiograf.pl\/index.php\/wp-json\/wp\/v2\/comments?post=565"}],"version-history":[{"count":7,"href":"https:\/\/fotostudiograf.pl\/index.php\/wp-json\/wp\/v2\/pages\/565\/revisions"}],"predecessor-version":[{"id":574,"href":"https:\/\/fotostudiograf.pl\/index.php\/wp-json\/wp\/v2\/pages\/565\/revisions\/574"}],"wp:attachment":[{"href":"https:\/\/fotostudiograf.pl\/index.php\/wp-json\/wp\/v2\/media?parent=565"}],"curies":[{"name":"wp","href":"https:\/\/api.w.org\/{rel}","templated":true}]}}